{"id":1666,"date":"2022-08-26T18:26:27","date_gmt":"2022-08-26T18:26:27","guid":{"rendered":"https:\/\/demo.webtend.net\/wp\/oxence\/?page_id=1666"},"modified":"2023-08-04T22:39:29","modified_gmt":"2023-08-04T22:39:29","slug":"david-lomena-web-design","status":"publish","type":"page","link":"https:\/\/gainditu.eus\/?page_id=1666","title":{"rendered":"DAVID LOME\u00d1A WEB DESIGN"},"content":{"rendered":"\t\t<div data-elementor-type=\"wp-page\" data-elementor-id=\"1666\" class=\"elementor elementor-1666\">\n\t\t\t\t\t\t<section class=\"elementor-section elementor-top-section elementor-element elementor-element-eb40087 elementor-reverse-tablet elementor-reverse-mobile elementor-section-boxed elementor-section-height-default elementor-section-height-default\" data-id=\"eb40087\" data-element_type=\"section\" data-e-type=\"section\">\n\t\t\t\t\t\t<div class=\"elementor-container elementor-column-gap-default\">\n\t\t\t\t\t<div class=\"elementor-column elementor-col-50 elementor-top-column elementor-element elementor-element-550716d\" data-id=\"550716d\" data-element_type=\"column\" data-e-type=\"column\">\n\t\t\t<div class=\"elementor-widget-wrap elementor-element-populated\">\n\t\t\t\t\t\t<div class=\"elementor-element elementor-element-2b83650 elementor-widget elementor-widget-oxence-advanced-heading\" data-id=\"2b83650\" data-element_type=\"widget\" data-e-type=\"widget\" data-widget_type=\"oxence-advanced-heading.default\">\n\t\t\t\t<div class=\"elementor-widget-container\">\n\t\t\t\t\t        <div class=\"oxence-advanced-heading\">\r\n                            <div class=\"sub-heading\">\r\n                                            <span class=\"arrow-line\">\r\n                            <svg version=\"1.1\" xmlns=\"http:\/\/www.w3.org\/2000\/svg\" viewBox=\"0 0 4.15 1.83\"><path d=\"M0.1,0.57C0.25,0.5,0.39,0.4,0.54,0.32C0.69,0.25,0.85,0.2,1.01,0.19c0.3-0.02,0.57,0.11,0.69,0.39 c0.12,0.27,0.14,0.57,0.39,0.76c0.22,0.17,0.5,0.21,0.77,0.22c0.16,0,0.33-0.01,0.49-0.03C3.43,1.51,3.52,1.5,3.61,1.48 c0.08-0.01,0.17-0.02,0.24-0.06c0.04-0.02,0.02-0.07-0.02-0.07C3.75,1.34,3.68,1.37,3.61,1.38C3.53,1.4,3.46,1.42,3.38,1.43 C3.23,1.46,3.07,1.47,2.91,1.47c-0.29,0-0.63-0.04-0.84-0.26c-0.23-0.23-0.2-0.59-0.39-0.84C1.52,0.18,1.26,0.1,1.01,0.11 C0.85,0.12,0.69,0.17,0.54,0.24c-0.16,0.08-0.34,0.17-0.47,0.3C0.06,0.55,0.08,0.58,0.1,0.57L0.1,0.57z\"\/><polygon points=\"4.06,1.39 3.81,1.24 3.55,1.09 3.78,1.41 3.61,1.76 3.84,1.57\"\/><\/svg>                        <\/span>\r\n                                        <span class=\"sub-heading-text\">Si No Vendemos, Sobramos Todos<\/span>                                    <\/div>\r\n                        <h3 class=\"main-heading\"><span class=\"main-text\">David Lome\u00f1a<\/span><\/h3>        <\/div>\r\n        \t\t\t\t<\/div>\n\t\t\t\t<\/div>\n\t\t\t\t<div class=\"elementor-element elementor-element-5cfdf7a elementor-widget__width-initial elementor-widget elementor-widget-text-editor\" data-id=\"5cfdf7a\" data-element_type=\"widget\" data-e-type=\"widget\" data-widget_type=\"text-editor.default\">\n\t\t\t\t<div class=\"elementor-widget-container\">\n\t\t\t\t\t\t\t\t\t<p><span style=\"color: #000000;\">Mi objetivo es ayudarte a alcanzar tus objetivos, si no vendemos, sobramos todos.<\/span><\/p><p><span style=\"color: #000000;\">Hola, mi nombre es David, nac\u00ed en el a\u00f1o 82 en San Sebasti\u00e1n Guip\u00fazcoa, pero desde hace 9 a\u00f1os vivo en entre M\u00e1laga e Ir\u00fan Gipuzkoa, all\u00ed donde me lleve el destino para ayudar a todo aquel que quiera llevar su presencia en internet al siguiente nivel.<\/span><\/p><p><span style=\"color: #000000;\"> Lo que mas me gusta hacer en mi vida es dise\u00f1ar paginas web y tarjetas digitales (<a style=\"color: #000000;\" href=\"https:\/\/gtarjeta.com\/\">gTarjeta.com<\/a>). Como me apasiona el dise\u00f1o web, y soy muy exigente conmigo mismo te garantizo que voy a cumplir con lo que me pides, voy a cumplir con el plazo que nos marquemos, y te voy ha hacer una pagina web completa, elegante, pero sobre todo, funcional, para que as\u00ed pueda ayudarte con tu sue\u00f1o, vida e ilusi\u00f3n.<\/span><\/p><p><span style=\"color: #000000;\">Adem\u00e1s, he desarrollado la vCard de gTarjeta + tarjetas NFC personalizadas, tu nueva tarjeta de presentaci\u00f3n con la que puedes compartir toda la informaci\u00f3n de contacto de forma r\u00e1pida, m\u00e1s completa, m\u00e1s \u00fatil, m\u00e1s ecol\u00f3gica y m\u00e1s f\u00e1cil.<\/span><\/p><p><span style=\"color: #000000;\">P\u00eddeme un presupuesto detallado sin compromiso, y comprueba si soy el dise\u00f1ador web que necesitas para que te ayude a alcanzar tus objetivos.<\/span><\/p><p><span style=\"color: #000000;\">Si no vendemos, sobramos todos (Jes\u00fas Ferradas)<\/span><\/p><div class=\"sub-heading\"><span style=\"color: #000000;\"><strong><span class=\"sub-heading-text\">Saltzen Ez Badugu, Denok Soberan Gaude<\/span><\/strong><\/span><\/div>\t\t\t\t\t\t\t\t<\/div>\n\t\t\t\t<\/div>\n\t\t\t\t<div class=\"elementor-element elementor-element-00011e8 elementor-widget__width-auto elementor-widget elementor-widget-oxence-progress-bar\" data-id=\"00011e8\" data-element_type=\"widget\" data-e-type=\"widget\" data-widget_type=\"oxence-progress-bar.default\">\n\t\t\t\t<div class=\"elementor-widget-container\">\n\t\t\t\t\t        <div class=\"oxence-progress-bar progress-circle\">\r\n                        <div class=\"progress-chart\" data-percent=\"99\">\r\n                <span class=\"elementor-counter-number\" data-duration=\"1500\" data-to-value=\"99\">0<\/span>\r\n            <\/div>\r\n                        <div class=\"progress-header\">\r\n                <span class=\"title\"> WORDPRESS <\/span>\r\n                            <\/div>\r\n                    <\/div>\r\n        \t\t\t\t<\/div>\n\t\t\t\t<\/div>\n\t\t\t\t<div class=\"elementor-element elementor-element-00c3c73 elementor-widget__width-auto elementor-widget elementor-widget-oxence-progress-bar\" data-id=\"00c3c73\" data-element_type=\"widget\" data-e-type=\"widget\" data-widget_type=\"oxence-progress-bar.default\">\n\t\t\t\t<div class=\"elementor-widget-container\">\n\t\t\t\t\t        <div class=\"oxence-progress-bar progress-circle\">\r\n                        <div class=\"progress-chart\" data-percent=\"99\" data-bar-color=\"#F1B334\" data-track-color=\"#FCF4DA\">\r\n                <span class=\"elementor-counter-number\" data-duration=\"1500\" data-to-value=\"99\">0<\/span>\r\n            <\/div>\r\n                        <div class=\"progress-header\">\r\n                <span class=\"title\"> BLOG <\/span>\r\n                            <\/div>\r\n                    <\/div>\r\n        \t\t\t\t<\/div>\n\t\t\t\t<\/div>\n\t\t\t\t<div class=\"elementor-element elementor-element-03a7e1f elementor-widget__width-auto elementor-widget elementor-widget-oxence-progress-bar\" data-id=\"03a7e1f\" data-element_type=\"widget\" data-e-type=\"widget\" data-widget_type=\"oxence-progress-bar.default\">\n\t\t\t\t<div class=\"elementor-widget-container\">\n\t\t\t\t\t        <div class=\"oxence-progress-bar progress-circle\">\r\n                        <div class=\"progress-chart\" data-percent=\"100\" data-bar-color=\"#0BAEEE\" data-track-color=\"#E5F6FD\">\r\n                <span class=\"elementor-counter-number\" data-duration=\"1500\" data-to-value=\"100\">0<\/span>\r\n            <\/div>\r\n                        <div class=\"progress-header\">\r\n                <span class=\"title\"> DISE\u00d1O <\/span>\r\n                            <\/div>\r\n                    <\/div>\r\n        \t\t\t\t<\/div>\n\t\t\t\t<\/div>\n\t\t\t\t\t<\/div>\n\t\t<\/div>\n\t\t\t\t<div class=\"elementor-column elementor-col-50 elementor-top-column elementor-element elementor-element-61abdc4\" data-id=\"61abdc4\" data-element_type=\"column\" data-e-type=\"column\">\n\t\t\t<div class=\"elementor-widget-wrap elementor-element-populated\">\n\t\t\t\t\t\t<div class=\"elementor-element elementor-element-9f52a44 elementor-widget elementor-widget-image\" data-id=\"9f52a44\" data-element_type=\"widget\" data-e-type=\"widget\" data-widget_type=\"image.default\">\n\t\t\t\t<div class=\"elementor-widget-container\">\n\t\t\t\t\t\t\t\t\t\t\t\t\t\t\t<img fetchpriority=\"high\" decoding=\"async\" width=\"609\" height=\"609\" src=\"https:\/\/gainditu.eus\/wp-content\/uploads\/2023\/04\/Caricatura-David-Lomena.jpg\" class=\"attachment-large size-large wp-image-4734\" alt=\"\" srcset=\"https:\/\/gainditu.eus\/wp-content\/uploads\/2023\/04\/Caricatura-David-Lomena.jpg 609w, https:\/\/gainditu.eus\/wp-content\/uploads\/2023\/04\/Caricatura-David-Lomena-300x300.jpg 300w, https:\/\/gainditu.eus\/wp-content\/uploads\/2023\/04\/Caricatura-David-Lomena-150x150.jpg 150w, https:\/\/gainditu.eus\/wp-content\/uploads\/2023\/04\/Caricatura-David-Lomena-180x180.jpg 180w\" sizes=\"(max-width: 609px) 100vw, 609px\" \/>\t\t\t\t\t\t\t\t\t\t\t\t\t\t\t<\/div>\n\t\t\t\t<\/div>\n\t\t\t\t\t<\/div>\n\t\t<\/div>\n\t\t\t\t\t<\/div>\n\t\t<\/section>\n\t\t\t\t<\/div>\n\t\t","protected":false},"excerpt":{"rendered":"<p>Si No Vendemos, Sobramos Todos David Lome\u00f1a Mi objetivo es ayudarte a alcanzar tus objetivos, si no vendemos, sobramos todos. Hola, mi nombre es David, nac\u00ed en el a\u00f1o 82 en San Sebasti\u00e1n Guip\u00fazcoa, pero desde hace 9 a\u00f1os vivo en entre M\u00e1laga e Ir\u00fan Gipuzkoa, all\u00ed donde me lleve el destino para ayudar a [&hellip;]<\/p>\n","protected":false},"author":4,"featured_media":0,"parent":0,"menu_order":0,"comment_status":"closed","ping_status":"closed","template":"","meta":{"_monsterinsights_skip_tracking":false,"_monsterinsights_sitenote_active":false,"_monsterinsights_sitenote_note":"","_monsterinsights_sitenote_category":0,"footnotes":""},"class_list":["post-1666","page","type-page","status-publish","hentry"],"aioseo_notices":[],"yoast_head":"<!-- This site is optimized with the Yoast SEO plugin v27.5 - https:\/\/yoast.com\/product\/yoast-seo-wordpress\/ -->\n<title>DAVID LOME\u00d1A WEB DESIGN - Gainditu dise\u00f1o de p\u00e1ginas web<\/title>\n<meta name=\"description\" content=\"Mi objetivo es ayudarte a alcanzar tus objetivos. Si no vendemos, sobramos todos. Hola, mi nombre es David, nac\u00ed en el 82 en San Sebasti\u00e1n Guip\u00fazcoa, pero desde hace 9 a\u00f1os vivo en entre Co\u00edn M\u00e1laga e Ir\u00fan Gipuzkoa. Lo que mas me gusta hacer en mi vida son paginas web y tarjetas digitales. Como me apasiona el dise\u00f1o web, y soy muy exigente conmigo mismo te garantizo que voy a cumplir con lo que me pides, voy a cumplir con el plazo que nos marquemos, y te voy ha hacer una p\u00e1gina web completa, elegante, pero sobre todo, funcional, para que as\u00ed pueda ayudarte con tu negocio, proyecto, sue\u00f1o, vida e ilusi\u00f3n.\" \/>\n<meta name=\"robots\" content=\"index, follow, max-snippet:-1, max-image-preview:large, max-video-preview:-1\" \/>\n<link rel=\"canonical\" href=\"https:\/\/gainditu.eus\/?page_id=1666\" \/>\n<meta property=\"og:locale\" content=\"es_ES\" \/>\n<meta property=\"og:type\" content=\"article\" \/>\n<meta property=\"og:title\" content=\"DAVID LOME\u00d1A WEB DESIGN - Gainditu dise\u00f1o de p\u00e1ginas web\" \/>\n<meta property=\"og:description\" content=\"Mi objetivo es ayudarte a alcanzar tus objetivos. Si no vendemos, sobramos todos. Hola, mi nombre es David, nac\u00ed en el 82 en San Sebasti\u00e1n Guip\u00fazcoa, pero desde hace 9 a\u00f1os vivo en entre Co\u00edn M\u00e1laga e Ir\u00fan Gipuzkoa. Lo que mas me gusta hacer en mi vida son paginas web y tarjetas digitales. Como me apasiona el dise\u00f1o web, y soy muy exigente conmigo mismo te garantizo que voy a cumplir con lo que me pides, voy a cumplir con el plazo que nos marquemos, y te voy ha hacer una p\u00e1gina web completa, elegante, pero sobre todo, funcional, para que as\u00ed pueda ayudarte con tu negocio, proyecto, sue\u00f1o, vida e ilusi\u00f3n.\" \/>\n<meta property=\"og:url\" content=\"https:\/\/gainditu.eus\/?page_id=1666\" \/>\n<meta property=\"og:site_name\" content=\"Gainditu dise\u00f1o de p\u00e1ginas web\" \/>\n<meta property=\"article:modified_time\" content=\"2023-08-04T22:39:29+00:00\" \/>\n<meta property=\"og:image\" content=\"http:\/\/gainditu.eus\/wp-content\/uploads\/2023\/04\/Caricatura-David-Lomena.jpg\" \/>\n<meta name=\"twitter:card\" content=\"summary_large_image\" \/>\n<meta name=\"twitter:label1\" content=\"Tiempo de lectura\" \/>\n\t<meta name=\"twitter:data1\" content=\"2 minutos\" \/>\n<script type=\"application\/ld+json\" class=\"yoast-schema-graph\">{\"@context\":\"https:\\\/\\\/schema.org\",\"@graph\":[{\"@type\":\"WebPage\",\"@id\":\"https:\\\/\\\/gainditu.eus\\\/?page_id=1666\",\"url\":\"https:\\\/\\\/gainditu.eus\\\/?page_id=1666\",\"name\":\"DAVID LOME\u00d1A WEB DESIGN - Gainditu dise\u00f1o de p\u00e1ginas web\",\"isPartOf\":{\"@id\":\"https:\\\/\\\/gainditu.eus\\\/#website\"},\"primaryImageOfPage\":{\"@id\":\"https:\\\/\\\/gainditu.eus\\\/?page_id=1666#primaryimage\"},\"image\":{\"@id\":\"https:\\\/\\\/gainditu.eus\\\/?page_id=1666#primaryimage\"},\"thumbnailUrl\":\"http:\\\/\\\/gainditu.eus\\\/wp-content\\\/uploads\\\/2023\\\/04\\\/Caricatura-David-Lomena.jpg\",\"datePublished\":\"2022-08-26T18:26:27+00:00\",\"dateModified\":\"2023-08-04T22:39:29+00:00\",\"description\":\"Mi objetivo es ayudarte a alcanzar tus objetivos. Si no vendemos, sobramos todos. Hola, mi nombre es David, nac\u00ed en el 82 en San Sebasti\u00e1n Guip\u00fazcoa, pero desde hace 9 a\u00f1os vivo en entre Co\u00edn M\u00e1laga e Ir\u00fan Gipuzkoa. Lo que mas me gusta hacer en mi vida son paginas web y tarjetas digitales. Como me apasiona el dise\u00f1o web, y soy muy exigente conmigo mismo te garantizo que voy a cumplir con lo que me pides, voy a cumplir con el plazo que nos marquemos, y te voy ha hacer una p\u00e1gina web completa, elegante, pero sobre todo, funcional, para que as\u00ed pueda ayudarte con tu negocio, proyecto, sue\u00f1o, vida e ilusi\u00f3n.\",\"breadcrumb\":{\"@id\":\"https:\\\/\\\/gainditu.eus\\\/?page_id=1666#breadcrumb\"},\"inLanguage\":\"es\",\"potentialAction\":[{\"@type\":\"ReadAction\",\"target\":[\"https:\\\/\\\/gainditu.eus\\\/?page_id=1666\"]}]},{\"@type\":\"ImageObject\",\"inLanguage\":\"es\",\"@id\":\"https:\\\/\\\/gainditu.eus\\\/?page_id=1666#primaryimage\",\"url\":\"https:\\\/\\\/gainditu.eus\\\/wp-content\\\/uploads\\\/2023\\\/04\\\/Caricatura-David-Lomena.jpg\",\"contentUrl\":\"https:\\\/\\\/gainditu.eus\\\/wp-content\\\/uploads\\\/2023\\\/04\\\/Caricatura-David-Lomena.jpg\",\"width\":609,\"height\":609},{\"@type\":\"BreadcrumbList\",\"@id\":\"https:\\\/\\\/gainditu.eus\\\/?page_id=1666#breadcrumb\",\"itemListElement\":[{\"@type\":\"ListItem\",\"position\":1,\"name\":\"Portada\",\"item\":\"https:\\\/\\\/gainditu.eus\\\/\"},{\"@type\":\"ListItem\",\"position\":2,\"name\":\"DAVID LOME\u00d1A WEB DESIGN\"}]},{\"@type\":\"WebSite\",\"@id\":\"https:\\\/\\\/gainditu.eus\\\/#website\",\"url\":\"https:\\\/\\\/gainditu.eus\\\/\",\"name\":\"Gainditu dise\u00f1o de p\u00e1ginas web\",\"description\":\"Dise\u00f1o de paginas web en Gipuzkoa, Bizkaia, Araba, en Euskadi. Bienvenido al mundo WordPress, tu soluci\u00f3n experta en dise\u00f1o de p\u00e1ginas web. Crea una presencia en l\u00ednea impactante con nuestros servicios personalizados de dise\u00f1o web. Potencia tu negocio con una p\u00e1gina web atractiva, funcional y totalmente adaptada a tus necesidades. \u00a1Impulsa tu presencia digital con Gainditu y alcanza tus objetivos! Si no vendemos, sobramos todos.\",\"potentialAction\":[{\"@type\":\"SearchAction\",\"target\":{\"@type\":\"EntryPoint\",\"urlTemplate\":\"https:\\\/\\\/gainditu.eus\\\/?s={search_term_string}\"},\"query-input\":{\"@type\":\"PropertyValueSpecification\",\"valueRequired\":true,\"valueName\":\"search_term_string\"}}],\"inLanguage\":\"es\"}]}<\/script>\n<!-- \/ Yoast SEO plugin. -->","yoast_head_json":{"title":"DAVID LOME\u00d1A WEB DESIGN - Gainditu dise\u00f1o de p\u00e1ginas web","description":"Mi objetivo es ayudarte a alcanzar tus objetivos. Si no vendemos, sobramos todos. Hola, mi nombre es David, nac\u00ed en el 82 en San Sebasti\u00e1n Guip\u00fazcoa, pero desde hace 9 a\u00f1os vivo en entre Co\u00edn M\u00e1laga e Ir\u00fan Gipuzkoa. Lo que mas me gusta hacer en mi vida son paginas web y tarjetas digitales. Como me apasiona el dise\u00f1o web, y soy muy exigente conmigo mismo te garantizo que voy a cumplir con lo que me pides, voy a cumplir con el plazo que nos marquemos, y te voy ha hacer una p\u00e1gina web completa, elegante, pero sobre todo, funcional, para que as\u00ed pueda ayudarte con tu negocio, proyecto, sue\u00f1o, vida e ilusi\u00f3n.","robots":{"index":"index","follow":"follow","max-snippet":"max-snippet:-1","max-image-preview":"max-image-preview:large","max-video-preview":"max-video-preview:-1"},"canonical":"https:\/\/gainditu.eus\/?page_id=1666","og_locale":"es_ES","og_type":"article","og_title":"DAVID LOME\u00d1A WEB DESIGN - Gainditu dise\u00f1o de p\u00e1ginas web","og_description":"Mi objetivo es ayudarte a alcanzar tus objetivos. Si no vendemos, sobramos todos. Hola, mi nombre es David, nac\u00ed en el 82 en San Sebasti\u00e1n Guip\u00fazcoa, pero desde hace 9 a\u00f1os vivo en entre Co\u00edn M\u00e1laga e Ir\u00fan Gipuzkoa. Lo que mas me gusta hacer en mi vida son paginas web y tarjetas digitales. Como me apasiona el dise\u00f1o web, y soy muy exigente conmigo mismo te garantizo que voy a cumplir con lo que me pides, voy a cumplir con el plazo que nos marquemos, y te voy ha hacer una p\u00e1gina web completa, elegante, pero sobre todo, funcional, para que as\u00ed pueda ayudarte con tu negocio, proyecto, sue\u00f1o, vida e ilusi\u00f3n.","og_url":"https:\/\/gainditu.eus\/?page_id=1666","og_site_name":"Gainditu dise\u00f1o de p\u00e1ginas web","article_modified_time":"2023-08-04T22:39:29+00:00","og_image":[{"url":"http:\/\/gainditu.eus\/wp-content\/uploads\/2023\/04\/Caricatura-David-Lomena.jpg","type":"","width":"","height":""}],"twitter_card":"summary_large_image","twitter_misc":{"Tiempo de lectura":"2 minutos"},"schema":{"@context":"https:\/\/schema.org","@graph":[{"@type":"WebPage","@id":"https:\/\/gainditu.eus\/?page_id=1666","url":"https:\/\/gainditu.eus\/?page_id=1666","name":"DAVID LOME\u00d1A WEB DESIGN - Gainditu dise\u00f1o de p\u00e1ginas web","isPartOf":{"@id":"https:\/\/gainditu.eus\/#website"},"primaryImageOfPage":{"@id":"https:\/\/gainditu.eus\/?page_id=1666#primaryimage"},"image":{"@id":"https:\/\/gainditu.eus\/?page_id=1666#primaryimage"},"thumbnailUrl":"http:\/\/gainditu.eus\/wp-content\/uploads\/2023\/04\/Caricatura-David-Lomena.jpg","datePublished":"2022-08-26T18:26:27+00:00","dateModified":"2023-08-04T22:39:29+00:00","description":"Mi objetivo es ayudarte a alcanzar tus objetivos. Si no vendemos, sobramos todos. Hola, mi nombre es David, nac\u00ed en el 82 en San Sebasti\u00e1n Guip\u00fazcoa, pero desde hace 9 a\u00f1os vivo en entre Co\u00edn M\u00e1laga e Ir\u00fan Gipuzkoa. Lo que mas me gusta hacer en mi vida son paginas web y tarjetas digitales. Como me apasiona el dise\u00f1o web, y soy muy exigente conmigo mismo te garantizo que voy a cumplir con lo que me pides, voy a cumplir con el plazo que nos marquemos, y te voy ha hacer una p\u00e1gina web completa, elegante, pero sobre todo, funcional, para que as\u00ed pueda ayudarte con tu negocio, proyecto, sue\u00f1o, vida e ilusi\u00f3n.","breadcrumb":{"@id":"https:\/\/gainditu.eus\/?page_id=1666#breadcrumb"},"inLanguage":"es","potentialAction":[{"@type":"ReadAction","target":["https:\/\/gainditu.eus\/?page_id=1666"]}]},{"@type":"ImageObject","inLanguage":"es","@id":"https:\/\/gainditu.eus\/?page_id=1666#primaryimage","url":"https:\/\/gainditu.eus\/wp-content\/uploads\/2023\/04\/Caricatura-David-Lomena.jpg","contentUrl":"https:\/\/gainditu.eus\/wp-content\/uploads\/2023\/04\/Caricatura-David-Lomena.jpg","width":609,"height":609},{"@type":"BreadcrumbList","@id":"https:\/\/gainditu.eus\/?page_id=1666#breadcrumb","itemListElement":[{"@type":"ListItem","position":1,"name":"Portada","item":"https:\/\/gainditu.eus\/"},{"@type":"ListItem","position":2,"name":"DAVID LOME\u00d1A WEB DESIGN"}]},{"@type":"WebSite","@id":"https:\/\/gainditu.eus\/#website","url":"https:\/\/gainditu.eus\/","name":"Gainditu dise\u00f1o de p\u00e1ginas web","description":"Dise\u00f1o de paginas web en Gipuzkoa, Bizkaia, Araba, en Euskadi. Bienvenido al mundo WordPress, tu soluci\u00f3n experta en dise\u00f1o de p\u00e1ginas web. Crea una presencia en l\u00ednea impactante con nuestros servicios personalizados de dise\u00f1o web. Potencia tu negocio con una p\u00e1gina web atractiva, funcional y totalmente adaptada a tus necesidades. \u00a1Impulsa tu presencia digital con Gainditu y alcanza tus objetivos! Si no vendemos, sobramos todos.","potentialAction":[{"@type":"SearchAction","target":{"@type":"EntryPoint","urlTemplate":"https:\/\/gainditu.eus\/?s={search_term_string}"},"query-input":{"@type":"PropertyValueSpecification","valueRequired":true,"valueName":"search_term_string"}}],"inLanguage":"es"}]}},"_links":{"self":[{"href":"https:\/\/gainditu.eus\/index.php?rest_route=\/wp\/v2\/pages\/1666","targetHints":{"allow":["GET"]}}],"collection":[{"href":"https:\/\/gainditu.eus\/index.php?rest_route=\/wp\/v2\/pages"}],"about":[{"href":"https:\/\/gainditu.eus\/index.php?rest_route=\/wp\/v2\/types\/page"}],"author":[{"embeddable":true,"href":"https:\/\/gainditu.eus\/index.php?rest_route=\/wp\/v2\/users\/4"}],"replies":[{"embeddable":true,"href":"https:\/\/gainditu.eus\/index.php?rest_route=%2Fwp%2Fv2%2Fcomments&post=1666"}],"version-history":[{"count":65,"href":"https:\/\/gainditu.eus\/index.php?rest_route=\/wp\/v2\/pages\/1666\/revisions"}],"predecessor-version":[{"id":5531,"href":"https:\/\/gainditu.eus\/index.php?rest_route=\/wp\/v2\/pages\/1666\/revisions\/5531"}],"wp:attachment":[{"href":"https:\/\/gainditu.eus\/index.php?rest_route=%2Fwp%2Fv2%2Fmedia&parent=1666"}],"curies":[{"name":"wp","href":"https:\/\/api.w.org\/{rel}","templated":true}]}}